{"id":2245,"date":"2022-03-07T14:36:29","date_gmt":"2022-03-07T14:36:29","guid":{"rendered":"https:\/\/www.childrenofmedellin.comdone-ahora\/"},"modified":"2024-06-14T15:04:07","modified_gmt":"2024-06-14T15:04:07","slug":"done-ahora","status":"publish","type":"page","link":"https:\/\/childrenofmedellin.com\/staging\/done-ahora\/?lang=es","title":{"rendered":"Done ahora"},"content":{"rendered":"\t\t<div data-elementor-type=\"wp-page\" data-elementor-id=\"2245\" class=\"elementor elementor-2245 elementor-915\" data-elementor-post-type=\"page\">\n\t\t\t\t\t\t<section class=\"elementor-section elementor-top-section elementor-element elementor-element-ce89ea1 elementor-section-height-min-height elementor-section-boxed elementor-section-height-default elementor-section-items-middle\" data-id=\"ce89ea1\" data-element_type=\"section\" data-e-type=\"section\" data-settings=\"{&quot;background_background&quot;:&quot;classic&quot;}\">\n\t\t\t\t\t\t\t<div class=\"elementor-background-overlay\"><\/div>\n\t\t\t\t\t\t\t<div class=\"elementor-container elementor-column-gap-default\">\n\t\t\t\t\t<div class=\"elementor-column elementor-col-100 elementor-top-column elementor-element elementor-element-8333b39\" data-id=\"8333b39\" data-element_type=\"column\" data-e-type=\"column\">\n\t\t\t<div class=\"elementor-widget-wrap elementor-element-populated\">\n\t\t\t\t\t\t<div class=\"elementor-element elementor-element-c327531 elementor-widget elementor-widget-heading\" data-id=\"c327531\" data-element_type=\"widget\" data-e-type=\"widget\" data-widget_type=\"heading.default\">\n\t\t\t\t<div class=\"elementor-widget-container\">\n\t\t\t\t\t<h2 class=\"elementor-heading-title elementor-size-default\">Done ahora<br><\/h2>\t\t\t\t<\/div>\n\t\t\t\t<\/div>\n\t\t\t\t\t<\/div>\n\t\t<\/div>\n\t\t\t\t\t<\/div>\n\t\t<\/section>\n\t\t\t\t<section class=\"elementor-section elementor-top-section elementor-element elementor-element-cf5c970 elementor-section-boxed elementor-section-height-default elementor-section-height-default\" data-id=\"cf5c970\" data-element_type=\"section\" data-e-type=\"section\" data-settings=\"{&quot;background_background&quot;:&quot;gradient&quot;}\">\n\t\t\t\t\t\t<div class=\"elementor-container elementor-column-gap-default\">\n\t\t\t\t\t<div class=\"elementor-column elementor-col-50 elementor-top-column elementor-element elementor-element-7debaf4\" data-id=\"7debaf4\" data-element_type=\"column\" data-e-type=\"column\">\n\t\t\t<div class=\"elementor-widget-wrap elementor-element-populated\">\n\t\t\t\t\t\t<div class=\"elementor-element elementor-element-0d2a873 elementor-widget elementor-widget-text-editor\" data-id=\"0d2a873\" data-element_type=\"widget\" data-e-type=\"widget\" data-widget_type=\"text-editor.default\">\n\t\t\t\t<div class=\"elementor-widget-container\">\n\t\t\t\t\t\t\t\t\t<p>\u00bfTe gustar\u00eda apoyar a nuestra fundaci\u00f3n?<br>Complete los detalles a continuaci\u00f3n y haga su donaci\u00f3n f\u00e1cilmente a trav\u00e9s de uno de los m\u00e9todos de pago posibles.<\/p>\t\t\t\t\t\t\t\t<\/div>\n\t\t\t\t<\/div>\n\t\t\t\t<div class=\"elementor-element elementor-element-47b3f11 elementor-widget elementor-widget-shortcode\" data-id=\"47b3f11\" data-element_type=\"widget\" data-e-type=\"widget\" data-widget_type=\"shortcode.default\">\n\t\t\t\t<div class=\"elementor-widget-container\">\n\t\t\t\t\t\t\t<div class=\"elementor-shortcode\">        <div class=\"wpf_form_wrapper wpf_form_wrapper_2538\">\n                                                <form  data-wpf_form_id='2538' wpf_form_instance='wpf_form_instance_2538_1' class='wpf_form wpf_form_instance_2538_1 wpf_strip_default_style wpf_form_id_2538 wpf_label_top wpf_asterisk_none wpf_submit_button_pos_left wppayform_has_payment wpf_default_form_styles' method='POST' action='https:\/\/childrenofmedellin.com\/staging' id='wpf_form_id_2538' >\n                        <span style=\"display: none !important;\"><input type=\"checkbox\" name=\"item__2538__wppay_checkme_\" value=\"1\"\n                                                       style=\"display: none !important;\" tabindex=\"-1\"><\/span>\n                        <input type=\"hidden\" name=\"__wpf_form_id\" value=\"2538\" \/>\n                <input type=\"hidden\" name=\"__wpf_current_url\" value=\"https:\/\/childrenofmedellin.com\/staging\/wp-json\/wp\/v2\/pages\/2245\">\n                <input type=\"hidden\" name=\"__wpf_current_page_id\" value=\"2245\">\n                                    <div data-element_type=\"customer_name\"\n             class=\"wpf_form_group wpf_item_text\" style=\"display: \">\n                        <div class=\"wpf_input_label\">\n                <label  for=\"wpf_input_2538_customer_name\" >Su nombre<\/label>\n            <\/div>\n                    <div class=\"wpf_input_content\">\n                <input  data-required=\"yes\" data-type=\"input\" name=\"customer_name\" condition_id=\"customer_name\" placeholder=\"Su nombre\" value=\"\" type=\"text\" class=\"wpf_form_control\" id=\"wpf_input_2538_customer_name\" required=\"1\"  \/>\n            <\/div>\n        <\/div>\n                <div data-element_type=\"customer_email\"\n             class=\"wpf_form_group wpf_item_email\" style=\"display: \">\n                        <div class=\"wpf_input_label\">\n                <label  for=\"wpf_input_2538_customer_email\" >E-mail<\/label>\n            <\/div>\n                    <div class=\"wpf_input_content\">\n                <input  data-required=\"yes\" data-type=\"input\" name=\"customer_email\" condition_id=\"customer_email\" placeholder=\"E-mail\" value=\"\" type=\"email\" class=\"wpf_form_control wpf_customer_email\" id=\"wpf_input_2538_customer_email\" required=\"1\"  \/>\n            <\/div>\n        <\/div>\n                <div style= \"display : block\" data-element_type=\"custom_payment_input\"\n             class=\"wpf_form_group wpf_item_custom_payment_input\">\n                        <div class=\"wpf_input_label\">\n                <label  for=\"wpf_input_2538_custom_payment_input\" >la cantidad<\/label>\n            <\/div>\n                    <div class=\"wpf_input_content\">\n                <div class=\"wpf_form_item_group\">\n                    <div class=\"wpf_input-group-prepend\">\n                        <div class=\"wpf_input-group-text wpf_input-group-text-prepend\">\u20ac<\/div>\n                    <\/div>\n                    <input  data-required=\"yes\" data-type=\"input\" name=\"custom_payment_input\" placeholder=\"la cantidad\" value=\"25\" type=\"number\" step=\"any\" data-is_custom_price=\"yes\" min=\"5\" data-price=\"0\" id=\"wpf_input_2538_custom_payment_input\" customname=\"la cantidad\" class=\"wpf_form_control wpf_custom_amount wpf_money_amount wpf_payment_item input-prepend\" required=\"1\"  \/>\n                <\/div>\n            <\/div>\n        <\/div>\n        <div style=\"display:none !important; visibility: hidden !important;\"  data-checkout_style=\"stripe_checkout\" data-wpf_payment_method=\"stripe\" class=\"wpf_stripe_card_element\" data-verify_zip=\"no\" data-require_billing_info=\"no\" data-require_shipping_info=\"no\"  class=\"wpf_stripe_checkout\"><\/div>                \n                \n                \n                <div class=\"wpf_form_group wpf_form_submissions\" style=\"margin-top: 20px;\">\n                    <button  id='stripe_form_submit_2538' disabled='1' class='wpf_submit_button ' >\n                        <span class=\"wpf_txt_normal\">Donar <span class=\"wpf_calc_payment_total\"><\/span><\/span>\n                        <span style=\"display: none;\" class=\"wpf_txt_loading\">\n                            un momento\u2026                        <\/span>\n                    <\/button>\n                    <div class=\"wpf_loading_svg\">\n                        <svg version=\"1.1\" id=\"loader-1\" xmlns=\"http:\/\/www.w3.org\/2000\/svg\" xmlns:xlink=\"http:\/\/www.w3.org\/1999\/xlink\" x=\"0px\" y=\"0px\" width=\"30px\" height=\"30px\" viewBox=\"0 0 40 40\" enable-background=\"new 0 0 40 40\" xml:space=\"preserve\">\n                            <path opacity=\"0.2\" fill=\"#000\" d=\"M20.201,5.169c-8.254,0-14.946,6.692-14.946,14.946c0,8.255,6.692,14.946,14.946,14.946 s14.946-6.691,14.946-14.946C35.146,11.861,28.455,5.169,20.201,5.169z M20.201,31.749c-6.425,0-11.634-5.208-11.634-11.634 c0-6.425,5.209-11.634,11.634-11.634c6.425,0,11.633,5.209,11.633,11.634C31.834,26.541,26.626,31.749,20.201,31.749z\" \/>\n                            <path fill=\"#000\" d=\"M26.013,10.047l1.654-2.866c-2.198-1.272-4.743-2.012-7.466-2.012h0v3.312h0 C22.32,8.481,24.301,9.057,26.013,10.047z\">\n                                <animateTransform attributeType=\"xml\" attributeName=\"transform\" type=\"rotate\" from=\"0 20 20\" to=\"360 20 20\" dur=\"0.5s\" repeatCount=\"indefinite\" \/>\n                            <\/path>\n                        <\/svg>\n                    <\/div>\n                <\/div>\n                            <\/form>\n                            <div style=\"display: none\" class=\"wpf_form_notices\"><\/div>\n                                            <\/div>\n\n        <\/div>\n\t\t\t\t\t\t<\/div>\n\t\t\t\t<\/div>\n\t\t\t\t<div class=\"elementor-element elementor-element-c69563f elementor-widget elementor-widget-text-editor\" data-id=\"c69563f\" data-element_type=\"widget\" data-e-type=\"widget\" data-widget_type=\"text-editor.default\">\n\t\t\t\t<div class=\"elementor-widget-container\">\n\t\t\t\t\t\t\t\t\t<p><strong>Detalles del banco<\/strong><br>Bancolombia: cuenta de ahorros 07257845286<br>Fundaci\u00f3n CAMINOS<br>SWIFT: COLOCOBM<\/p>\t\t\t\t\t\t\t\t<\/div>\n\t\t\t\t<\/div>\n\t\t\t\t\t<\/div>\n\t\t<\/div>\n\t\t\t\t<div class=\"elementor-column elementor-col-50 elementor-top-column elementor-element elementor-element-4606a12\" data-id=\"4606a12\" data-element_type=\"column\" data-e-type=\"column\">\n\t\t\t<div class=\"elementor-widget-wrap\">\n\t\t\t\t\t\t\t<\/div>\n\t\t<\/div>\n\t\t\t\t\t<\/div>\n\t\t<\/section>\n\t\t\t\t<section class=\"elementor-section elementor-top-section elementor-element elementor-element-fd3f7f4 elementor-section-boxed elementor-section-height-default elementor-section-height-default\" data-id=\"fd3f7f4\" data-element_type=\"section\" data-e-type=\"section\">\n\t\t\t\t\t\t<div class=\"elementor-container elementor-column-gap-default\">\n\t\t\t\t\t<div class=\"elementor-column elementor-col-100 elementor-top-column elementor-element elementor-element-529efd7\" data-id=\"529efd7\" data-element_type=\"column\" data-e-type=\"column\">\n\t\t\t<div class=\"elementor-widget-wrap elementor-element-populated\">\n\t\t\t\t\t\t\t<\/div>\n\t\t<\/div>\n\t\t\t\t\t<\/div>\n\t\t<\/section>\n\t\t\t\t<\/div>\n\t\t","protected":false},"excerpt":{"rendered":"<p>Done ahora \u00bfTe gustar\u00eda apoyar a nuestra fundaci\u00f3n?Complete los detalles a continuaci\u00f3n y haga su donaci\u00f3n f\u00e1cilmente a trav\u00e9s de uno de los m\u00e9todos de pago posibles. Detalles del bancoBancolombia: cuenta de ahorros 07257845286Fundaci\u00f3n CAMINOSSWIFT: COLOCOBM<\/p>\n","protected":false},"author":3,"featured_media":0,"parent":0,"menu_order":0,"comment_status":"closed","ping_status":"closed","template":"","meta":{"inline_featured_image":false,"footnotes":"","_links_to":"","_links_to_target":""},"class_list":["post-2245","page","type-page","status-publish","hentry"],"_links":{"self":[{"href":"https:\/\/childrenofmedellin.com\/staging\/wp-json\/wp\/v2\/pages\/2245","targetHints":{"allow":["GET"]}}],"collection":[{"href":"https:\/\/childrenofmedellin.com\/staging\/wp-json\/wp\/v2\/pages"}],"about":[{"href":"https:\/\/childrenofmedellin.com\/staging\/wp-json\/wp\/v2\/types\/page"}],"author":[{"embeddable":true,"href":"https:\/\/childrenofmedellin.com\/staging\/wp-json\/wp\/v2\/users\/3"}],"replies":[{"embeddable":true,"href":"https:\/\/childrenofmedellin.com\/staging\/wp-json\/wp\/v2\/comments?post=2245"}],"version-history":[{"count":22,"href":"https:\/\/childrenofmedellin.com\/staging\/wp-json\/wp\/v2\/pages\/2245\/revisions"}],"predecessor-version":[{"id":4684,"href":"https:\/\/childrenofmedellin.com\/staging\/wp-json\/wp\/v2\/pages\/2245\/revisions\/4684"}],"wp:attachment":[{"href":"https:\/\/childrenofmedellin.com\/staging\/wp-json\/wp\/v2\/media?parent=2245"}],"curies":[{"name":"wp","href":"https:\/\/api.w.org\/{rel}","templated":true}]}}