{"id":1618,"date":"2022-02-09T12:40:09","date_gmt":"2022-02-09T12:40:09","guid":{"rendered":"https:\/\/www.childrenofmedellin.comactividades\/bazar\/"},"modified":"2024-06-12T19:35:35","modified_gmt":"2024-06-12T19:35:35","slug":"bazar","status":"publish","type":"page","link":"https:\/\/childrenofmedellin.com\/staging\/actividades\/bazar\/?lang=es","title":{"rendered":"Bazar"},"content":{"rendered":"\t\t<div data-elementor-type=\"wp-page\" data-elementor-id=\"1618\" class=\"elementor elementor-1618 elementor-1035\" data-elementor-post-type=\"page\">\n\t\t\t\t\t\t<section class=\"elementor-section elementor-top-section elementor-element elementor-element-ccb58e2 elementor-section-height-min-height elementor-section-boxed elementor-section-height-default elementor-section-items-middle\" data-id=\"ccb58e2\" data-element_type=\"section\" data-e-type=\"section\">\n\t\t\t\t\t\t\t<div class=\"elementor-background-overlay\"><\/div>\n\t\t\t\t\t\t\t<div class=\"elementor-container elementor-column-gap-default\">\n\t\t\t\t\t<div class=\"elementor-column elementor-col-100 elementor-top-column elementor-element elementor-element-119560a\" data-id=\"119560a\" data-element_type=\"column\" data-e-type=\"column\">\n\t\t\t<div class=\"elementor-widget-wrap elementor-element-populated\">\n\t\t\t\t\t\t<div class=\"elementor-element elementor-element-e45aca7 elementor-widget elementor-widget-heading\" data-id=\"e45aca7\" data-element_type=\"widget\" data-e-type=\"widget\" data-widget_type=\"heading.default\">\n\t\t\t\t<div class=\"elementor-widget-container\">\n\t\t\t\t\t<h2 class=\"elementor-heading-title elementor-size-default\">Bazar<\/h2>\t\t\t\t<\/div>\n\t\t\t\t<\/div>\n\t\t\t\t\t<\/div>\n\t\t<\/div>\n\t\t\t\t\t<\/div>\n\t\t<\/section>\n\t\t\t\t<section class=\"elementor-section elementor-top-section elementor-element elementor-element-1fb6468 elementor-section-boxed elementor-section-height-default elementor-section-height-default\" data-id=\"1fb6468\" data-element_type=\"section\" data-e-type=\"section\" data-settings=\"{&quot;background_background&quot;:&quot;gradient&quot;}\">\n\t\t\t\t\t\t<div class=\"elementor-container elementor-column-gap-default\">\n\t\t\t\t\t<div class=\"elementor-column elementor-col-100 elementor-top-column elementor-element elementor-element-ffc5e6b\" data-id=\"ffc5e6b\" data-element_type=\"column\" data-e-type=\"column\">\n\t\t\t<div class=\"elementor-widget-wrap elementor-element-populated\">\n\t\t\t\t\t\t<div class=\"elementor-element elementor-element-3a4eb1b elementor-widget elementor-widget-text-editor\" data-id=\"3a4eb1b\" data-element_type=\"widget\" data-e-type=\"widget\" data-widget_type=\"text-editor.default\">\n\t\t\t\t<div class=\"elementor-widget-container\">\n\t\t\t\t\t\t\t\t\t<p>Muchas familias de los barrios Bello Oriente y Carambolas tienen poco para gastar. Como fundaci\u00f3n recibimos regularmente cosas a trav\u00e9s de varios canales, como ropa o muebles. A veces la entregamos directamente a las familias que necesitan algo extra, pero la mayor\u00eda de las veces la guardamos hasta el pr\u00f3ximo bazar. La fundaci\u00f3n organiza un bazar tres veces al a\u00f1o en el que las familias pueden comprar ropa, zapatos y otros art\u00edculos a precios de ganga. Adem\u00e1s, los j\u00f3venes venden comida y bebidas y organizamos juegos. Mostramos a la comunidad que la fundaci\u00f3n s\u00f3lo puede hacer su trabajo con la ayuda de donaciones. <\/p>\t\t\t\t\t\t\t\t<\/div>\n\t\t\t\t<\/div>\n\t\t\t\t\t<\/div>\n\t\t<\/div>\n\t\t\t\t\t<\/div>\n\t\t<\/section>\n\t\t\t\t<\/div>\n\t\t","protected":false},"excerpt":{"rendered":"<p>Bazar Muchas familias de los barrios Bello Oriente y Carambolas tienen poco para gastar. Como fundaci\u00f3n recibimos regularmente cosas a trav\u00e9s de varios canales, como ropa o muebles. A veces la entregamos directamente a las familias que necesitan algo extra, pero la mayor\u00eda de las veces la guardamos hasta el pr\u00f3ximo bazar. La fundaci\u00f3n organiza &hellip;<\/p>\n","protected":false},"author":3,"featured_media":0,"parent":1592,"menu_order":0,"comment_status":"closed","ping_status":"closed","template":"","meta":{"inline_featured_image":false,"footnotes":"","_links_to":"","_links_to_target":""},"class_list":["post-1618","page","type-page","status-publish","hentry"],"_links":{"self":[{"href":"https:\/\/childrenofmedellin.com\/staging\/wp-json\/wp\/v2\/pages\/1618","targetHints":{"allow":["GET"]}}],"collection":[{"href":"https:\/\/childrenofmedellin.com\/staging\/wp-json\/wp\/v2\/pages"}],"about":[{"href":"https:\/\/childrenofmedellin.com\/staging\/wp-json\/wp\/v2\/types\/page"}],"author":[{"embeddable":true,"href":"https:\/\/childrenofmedellin.com\/staging\/wp-json\/wp\/v2\/users\/3"}],"replies":[{"embeddable":true,"href":"https:\/\/childrenofmedellin.com\/staging\/wp-json\/wp\/v2\/comments?post=1618"}],"version-history":[{"count":11,"href":"https:\/\/childrenofmedellin.com\/staging\/wp-json\/wp\/v2\/pages\/1618\/revisions"}],"predecessor-version":[{"id":4502,"href":"https:\/\/childrenofmedellin.com\/staging\/wp-json\/wp\/v2\/pages\/1618\/revisions\/4502"}],"up":[{"embeddable":true,"href":"https:\/\/childrenofmedellin.com\/staging\/wp-json\/wp\/v2\/pages\/1592"}],"wp:attachment":[{"href":"https:\/\/childrenofmedellin.com\/staging\/wp-json\/wp\/v2\/media?parent=1618"}],"curies":[{"name":"wp","href":"https:\/\/api.w.org\/{rel}","templated":true}]}}