{"id":1616,"date":"2022-02-09T12:38:50","date_gmt":"2022-02-09T12:38:50","guid":{"rendered":"https:\/\/www.childrenofmedellin.comactividades\/caminos-al-maximo\/"},"modified":"2024-06-12T19:29:51","modified_gmt":"2024-06-12T19:29:51","slug":"caminos-al-maximo","status":"publish","type":"page","link":"https:\/\/childrenofmedellin.com\/staging\/actividades\/caminos-al-maximo\/?lang=es","title":{"rendered":"Caminos al m\u00e1ximo"},"content":{"rendered":"\t\t<div data-elementor-type=\"wp-page\" data-elementor-id=\"1616\" class=\"elementor elementor-1616 elementor-1030\" data-elementor-post-type=\"page\">\n\t\t\t\t\t\t<section class=\"elementor-section elementor-top-section elementor-element elementor-element-d6c8058 elementor-section-height-min-height elementor-section-boxed elementor-section-height-default elementor-section-items-middle\" data-id=\"d6c8058\" data-element_type=\"section\" data-e-type=\"section\">\n\t\t\t\t\t\t\t<div class=\"elementor-background-overlay\"><\/div>\n\t\t\t\t\t\t\t<div class=\"elementor-container elementor-column-gap-default\">\n\t\t\t\t\t<div class=\"elementor-column elementor-col-100 elementor-top-column elementor-element elementor-element-498b565\" data-id=\"498b565\" data-element_type=\"column\" data-e-type=\"column\">\n\t\t\t<div class=\"elementor-widget-wrap elementor-element-populated\">\n\t\t\t\t\t\t<div class=\"elementor-element elementor-element-0bb3112 elementor-widget elementor-widget-heading\" data-id=\"0bb3112\" data-element_type=\"widget\" data-e-type=\"widget\" data-widget_type=\"heading.default\">\n\t\t\t\t<div class=\"elementor-widget-container\">\n\t\t\t\t\t<h2 class=\"elementor-heading-title elementor-size-default\">Caminos al m\u00e1ximo<\/h2>\t\t\t\t<\/div>\n\t\t\t\t<\/div>\n\t\t\t\t\t<\/div>\n\t\t<\/div>\n\t\t\t\t\t<\/div>\n\t\t<\/section>\n\t\t\t\t<section class=\"elementor-section elementor-top-section elementor-element elementor-element-3d8b429 elementor-section-boxed elementor-section-height-default elementor-section-height-default\" data-id=\"3d8b429\" data-element_type=\"section\" data-e-type=\"section\" data-settings=\"{&quot;background_background&quot;:&quot;gradient&quot;}\">\n\t\t\t\t\t\t<div class=\"elementor-container elementor-column-gap-default\">\n\t\t\t\t\t<div class=\"elementor-column elementor-col-100 elementor-top-column elementor-element elementor-element-d158ef2\" data-id=\"d158ef2\" data-element_type=\"column\" data-e-type=\"column\">\n\t\t\t<div class=\"elementor-widget-wrap elementor-element-populated\">\n\t\t\t\t\t\t<div class=\"elementor-element elementor-element-67f0591 elementor-widget elementor-widget-text-editor\" data-id=\"67f0591\" data-element_type=\"widget\" data-e-type=\"widget\" data-widget_type=\"text-editor.default\">\n\t\t\t\t<div class=\"elementor-widget-container\">\n\t\t\t\t\t\t\t\t\t<p>Para todos los ni\u00f1os que participan en nuestras actividades organizamos &#8220;Caminos al m\u00e1ximo&#8221;. Durante estos talleres (de periodicidad mensual) los ni\u00f1os aprenden diferentes habilidades blandas, como reconocer las emociones y establecer l\u00edmites. Tambi\u00e9n exploran qui\u00e9nes son, qu\u00e9 talentos tienen, qu\u00e9 profesiones existen, c\u00f3mo ven su futuro y qu\u00e9 tienen que hacer para conseguirlo.<\/p>\t\t\t\t\t\t\t\t<\/div>\n\t\t\t\t<\/div>\n\t\t\t\t\t<\/div>\n\t\t<\/div>\n\t\t\t\t\t<\/div>\n\t\t<\/section>\n\t\t\t\t<\/div>\n\t\t","protected":false},"excerpt":{"rendered":"<p>Caminos al m\u00e1ximo Para todos los ni\u00f1os que participan en nuestras actividades organizamos &#8220;Caminos al m\u00e1ximo&#8221;. Durante estos talleres (de periodicidad mensual) los ni\u00f1os aprenden diferentes habilidades blandas, como reconocer las emociones y establecer l\u00edmites. Tambi\u00e9n exploran qui\u00e9nes son, qu\u00e9 talentos tienen, qu\u00e9 profesiones existen, c\u00f3mo ven su futuro y qu\u00e9 tienen que hacer para &hellip;<\/p>\n","protected":false},"author":3,"featured_media":0,"parent":1592,"menu_order":0,"comment_status":"closed","ping_status":"closed","template":"","meta":{"inline_featured_image":false,"footnotes":"","_links_to":"","_links_to_target":""},"class_list":["post-1616","page","type-page","status-publish","hentry"],"_links":{"self":[{"href":"https:\/\/childrenofmedellin.com\/staging\/wp-json\/wp\/v2\/pages\/1616","targetHints":{"allow":["GET"]}}],"collection":[{"href":"https:\/\/childrenofmedellin.com\/staging\/wp-json\/wp\/v2\/pages"}],"about":[{"href":"https:\/\/childrenofmedellin.com\/staging\/wp-json\/wp\/v2\/types\/page"}],"author":[{"embeddable":true,"href":"https:\/\/childrenofmedellin.com\/staging\/wp-json\/wp\/v2\/users\/3"}],"replies":[{"embeddable":true,"href":"https:\/\/childrenofmedellin.com\/staging\/wp-json\/wp\/v2\/comments?post=1616"}],"version-history":[{"count":10,"href":"https:\/\/childrenofmedellin.com\/staging\/wp-json\/wp\/v2\/pages\/1616\/revisions"}],"predecessor-version":[{"id":4466,"href":"https:\/\/childrenofmedellin.com\/staging\/wp-json\/wp\/v2\/pages\/1616\/revisions\/4466"}],"up":[{"embeddable":true,"href":"https:\/\/childrenofmedellin.com\/staging\/wp-json\/wp\/v2\/pages\/1592"}],"wp:attachment":[{"href":"https:\/\/childrenofmedellin.com\/staging\/wp-json\/wp\/v2\/media?parent=1616"}],"curies":[{"name":"wp","href":"https:\/\/api.w.org\/{rel}","templated":true}]}}