{"id":1614,"date":"2022-02-09T12:33:48","date_gmt":"2022-02-09T12:33:48","guid":{"rendered":"https:\/\/www.childrenofmedellin.comactividades\/conocimientos-de-informatica\/"},"modified":"2024-06-06T09:48:02","modified_gmt":"2024-06-06T09:48:02","slug":"conocimientos-de-informatica","status":"publish","type":"page","link":"https:\/\/childrenofmedellin.com\/staging\/actividades\/conocimientos-de-informatica\/?lang=es","title":{"rendered":"Conocimientos de inform\u00e1tica"},"content":{"rendered":"\t\t<div data-elementor-type=\"wp-page\" data-elementor-id=\"1614\" class=\"elementor elementor-1614 elementor-1025\" data-elementor-post-type=\"page\">\n\t\t\t\t\t\t<section class=\"elementor-section elementor-top-section elementor-element elementor-element-98662cf elementor-section-height-min-height elementor-section-boxed elementor-section-height-default elementor-section-items-middle\" data-id=\"98662cf\" data-element_type=\"section\" data-e-type=\"section\">\n\t\t\t\t\t\t\t<div class=\"elementor-background-overlay\"><\/div>\n\t\t\t\t\t\t\t<div class=\"elementor-container elementor-column-gap-default\">\n\t\t\t\t\t<div class=\"elementor-column elementor-col-100 elementor-top-column elementor-element elementor-element-0fa6a2d\" data-id=\"0fa6a2d\" data-element_type=\"column\" data-e-type=\"column\">\n\t\t\t<div class=\"elementor-widget-wrap elementor-element-populated\">\n\t\t\t\t\t\t<div class=\"elementor-element elementor-element-6ab535f elementor-widget elementor-widget-heading\" data-id=\"6ab535f\" data-element_type=\"widget\" data-e-type=\"widget\" data-widget_type=\"heading.default\">\n\t\t\t\t<div class=\"elementor-widget-container\">\n\t\t\t\t\t<h2 class=\"elementor-heading-title elementor-size-default\">Conocimientos de inform\u00e1tica<\/h2>\t\t\t\t<\/div>\n\t\t\t\t<\/div>\n\t\t\t\t\t<\/div>\n\t\t<\/div>\n\t\t\t\t\t<\/div>\n\t\t<\/section>\n\t\t\t\t<section class=\"elementor-section elementor-top-section elementor-element elementor-element-d2d82c5 elementor-section-boxed elementor-section-height-default elementor-section-height-default\" data-id=\"d2d82c5\" data-element_type=\"section\" data-e-type=\"section\" data-settings=\"{&quot;background_background&quot;:&quot;gradient&quot;}\">\n\t\t\t\t\t\t<div class=\"elementor-container elementor-column-gap-default\">\n\t\t\t\t\t<div class=\"elementor-column elementor-col-100 elementor-top-column elementor-element elementor-element-c913db1\" data-id=\"c913db1\" data-element_type=\"column\" data-e-type=\"column\">\n\t\t\t<div class=\"elementor-widget-wrap elementor-element-populated\">\n\t\t\t\t\t\t<div class=\"elementor-element elementor-element-9efb970 elementor-widget elementor-widget-text-editor\" data-id=\"9efb970\" data-element_type=\"widget\" data-e-type=\"widget\" data-widget_type=\"text-editor.default\">\n\t\t\t\t<div class=\"elementor-widget-container\">\n\t\t\t\t\t\t\t\t\t<p>La fundaci\u00f3n tiene su propia sala de inform\u00e1tica en la sede El Para\u00edso, donde los ni\u00f1os de los barrios Bello Oriente y Carambolas reciben clases de inform\u00e1tica. Aprenden a usar el ordenador y pueden utilizarlo para hacer los deberes o para jugar.<\/p>\t\t\t\t\t\t\t\t<\/div>\n\t\t\t\t<\/div>\n\t\t\t\t\t<\/div>\n\t\t<\/div>\n\t\t\t\t\t<\/div>\n\t\t<\/section>\n\t\t\t\t<\/div>\n\t\t","protected":false},"excerpt":{"rendered":"<p>Conocimientos de inform\u00e1tica La fundaci\u00f3n tiene su propia sala de inform\u00e1tica en la sede El Para\u00edso, donde los ni\u00f1os de los barrios Bello Oriente y Carambolas reciben clases de inform\u00e1tica. Aprenden a usar el ordenador y pueden utilizarlo para hacer los deberes o para jugar.<\/p>\n","protected":false},"author":3,"featured_media":0,"parent":1592,"menu_order":0,"comment_status":"closed","ping_status":"closed","template":"","meta":{"inline_featured_image":false,"footnotes":"","_links_to":"","_links_to_target":""},"class_list":["post-1614","page","type-page","status-publish","hentry"],"_links":{"self":[{"href":"https:\/\/childrenofmedellin.com\/staging\/wp-json\/wp\/v2\/pages\/1614","targetHints":{"allow":["GET"]}}],"collection":[{"href":"https:\/\/childrenofmedellin.com\/staging\/wp-json\/wp\/v2\/pages"}],"about":[{"href":"https:\/\/childrenofmedellin.com\/staging\/wp-json\/wp\/v2\/types\/page"}],"author":[{"embeddable":true,"href":"https:\/\/childrenofmedellin.com\/staging\/wp-json\/wp\/v2\/users\/3"}],"replies":[{"embeddable":true,"href":"https:\/\/childrenofmedellin.com\/staging\/wp-json\/wp\/v2\/comments?post=1614"}],"version-history":[{"count":5,"href":"https:\/\/childrenofmedellin.com\/staging\/wp-json\/wp\/v2\/pages\/1614\/revisions"}],"predecessor-version":[{"id":3933,"href":"https:\/\/childrenofmedellin.com\/staging\/wp-json\/wp\/v2\/pages\/1614\/revisions\/3933"}],"up":[{"embeddable":true,"href":"https:\/\/childrenofmedellin.com\/staging\/wp-json\/wp\/v2\/pages\/1592"}],"wp:attachment":[{"href":"https:\/\/childrenofmedellin.com\/staging\/wp-json\/wp\/v2\/media?parent=1614"}],"curies":[{"name":"wp","href":"https:\/\/api.w.org\/{rel}","templated":true}]}}