{"id":1610,"date":"2022-02-09T12:32:09","date_gmt":"2022-02-09T12:32:09","guid":{"rendered":"https:\/\/www.childrenofmedellin.comactividades\/clases-de-ingles\/"},"modified":"2024-06-12T19:40:46","modified_gmt":"2024-06-12T19:40:46","slug":"clases-de-ingles","status":"publish","type":"page","link":"https:\/\/childrenofmedellin.com\/staging\/actividades\/clases-de-ingles\/?lang=es","title":{"rendered":"Clases de ingl\u00e9s"},"content":{"rendered":"\t\t<div data-elementor-type=\"wp-page\" data-elementor-id=\"1610\" class=\"elementor elementor-1610 elementor-1014\" data-elementor-post-type=\"page\">\n\t\t\t\t\t\t<section class=\"elementor-section elementor-top-section elementor-element elementor-element-55f158a elementor-section-height-min-height elementor-section-boxed elementor-section-height-default elementor-section-items-middle\" data-id=\"55f158a\" data-element_type=\"section\" data-e-type=\"section\">\n\t\t\t\t\t\t\t<div class=\"elementor-background-overlay\"><\/div>\n\t\t\t\t\t\t\t<div class=\"elementor-container elementor-column-gap-default\">\n\t\t\t\t\t<div class=\"elementor-column elementor-col-100 elementor-top-column elementor-element elementor-element-5913149\" data-id=\"5913149\" data-element_type=\"column\" data-e-type=\"column\">\n\t\t\t<div class=\"elementor-widget-wrap elementor-element-populated\">\n\t\t\t\t\t\t<div class=\"elementor-element elementor-element-268fbc5 elementor-widget elementor-widget-heading\" data-id=\"268fbc5\" data-element_type=\"widget\" data-e-type=\"widget\" data-widget_type=\"heading.default\">\n\t\t\t\t<div class=\"elementor-widget-container\">\n\t\t\t\t\t<h2 class=\"elementor-heading-title elementor-size-default\">Clases de ingl\u00e9s<\/h2>\t\t\t\t<\/div>\n\t\t\t\t<\/div>\n\t\t\t\t\t<\/div>\n\t\t<\/div>\n\t\t\t\t\t<\/div>\n\t\t<\/section>\n\t\t\t\t<section class=\"elementor-section elementor-top-section elementor-element elementor-element-fcabf86 elementor-section-boxed elementor-section-height-default elementor-section-height-default\" data-id=\"fcabf86\" data-element_type=\"section\" data-e-type=\"section\" data-settings=\"{&quot;background_background&quot;:&quot;gradient&quot;}\">\n\t\t\t\t\t\t<div class=\"elementor-container elementor-column-gap-default\">\n\t\t\t\t\t<div class=\"elementor-column elementor-col-100 elementor-top-column elementor-element elementor-element-545bfa8\" data-id=\"545bfa8\" data-element_type=\"column\" data-e-type=\"column\">\n\t\t\t<div class=\"elementor-widget-wrap elementor-element-populated\">\n\t\t\t\t\t\t<div class=\"elementor-element elementor-element-b10fe03 elementor-widget elementor-widget-text-editor\" data-id=\"b10fe03\" data-element_type=\"widget\" data-e-type=\"widget\" data-widget_type=\"text-editor.default\">\n\t\t\t\t<div class=\"elementor-widget-container\">\n\t\t\t\t\t\t\t\t\t<p>Dos veces por semana, un total de 50 ni\u00f1os reciben clases de ingl\u00e9s en la sede El Para\u00edso. Trabajamos con diferentes grupos, divididos por edad y nivel de ingl\u00e9s. Durante las clases son muy importantes las habilidades de hablar, escuchar, leer y escribir. Adem\u00e1s de las clases regulares, los ni\u00f1os reciben clases particulares y ayuda con los deberes por parte de los voluntarios.<\/p>\t\t\t\t\t\t\t\t<\/div>\n\t\t\t\t<\/div>\n\t\t\t\t\t<\/div>\n\t\t<\/div>\n\t\t\t\t\t<\/div>\n\t\t<\/section>\n\t\t\t\t<\/div>\n\t\t","protected":false},"excerpt":{"rendered":"<p>Clases de ingl\u00e9s Dos veces por semana, un total de 50 ni\u00f1os reciben clases de ingl\u00e9s en la sede El Para\u00edso. Trabajamos con diferentes grupos, divididos por edad y nivel de ingl\u00e9s. Durante las clases son muy importantes las habilidades de hablar, escuchar, leer y escribir. Adem\u00e1s de las clases regulares, los ni\u00f1os reciben clases &hellip;<\/p>\n","protected":false},"author":3,"featured_media":0,"parent":1592,"menu_order":9,"comment_status":"closed","ping_status":"closed","template":"","meta":{"inline_featured_image":false,"footnotes":"","_links_to":"","_links_to_target":""},"class_list":["post-1610","page","type-page","status-publish","hentry"],"_links":{"self":[{"href":"https:\/\/childrenofmedellin.com\/staging\/wp-json\/wp\/v2\/pages\/1610","targetHints":{"allow":["GET"]}}],"collection":[{"href":"https:\/\/childrenofmedellin.com\/staging\/wp-json\/wp\/v2\/pages"}],"about":[{"href":"https:\/\/childrenofmedellin.com\/staging\/wp-json\/wp\/v2\/types\/page"}],"author":[{"embeddable":true,"href":"https:\/\/childrenofmedellin.com\/staging\/wp-json\/wp\/v2\/users\/3"}],"replies":[{"embeddable":true,"href":"https:\/\/childrenofmedellin.com\/staging\/wp-json\/wp\/v2\/comments?post=1610"}],"version-history":[{"count":8,"href":"https:\/\/childrenofmedellin.com\/staging\/wp-json\/wp\/v2\/pages\/1610\/revisions"}],"predecessor-version":[{"id":4526,"href":"https:\/\/childrenofmedellin.com\/staging\/wp-json\/wp\/v2\/pages\/1610\/revisions\/4526"}],"up":[{"embeddable":true,"href":"https:\/\/childrenofmedellin.com\/staging\/wp-json\/wp\/v2\/pages\/1592"}],"wp:attachment":[{"href":"https:\/\/childrenofmedellin.com\/staging\/wp-json\/wp\/v2\/media?parent=1610"}],"curies":[{"name":"wp","href":"https:\/\/api.w.org\/{rel}","templated":true}]}}