{"id":1604,"date":"2022-02-09T12:30:27","date_gmt":"2022-02-09T12:30:27","guid":{"rendered":"https:\/\/www.childrenofmedellin.comactividades\/periodismo-entendamonos\/"},"modified":"2024-06-12T19:24:08","modified_gmt":"2024-06-12T19:24:08","slug":"periodismo-entendamonos","status":"publish","type":"page","link":"https:\/\/childrenofmedellin.com\/staging\/actividades\/periodismo-entendamonos\/?lang=es","title":{"rendered":"Periodismo Entend\u00e1monos"},"content":{"rendered":"\t\t<div data-elementor-type=\"wp-page\" data-elementor-id=\"1604\" class=\"elementor elementor-1604 elementor-1003\" data-elementor-post-type=\"page\">\n\t\t\t\t\t\t<section class=\"elementor-section elementor-top-section elementor-element elementor-element-69484d0 elementor-section-height-min-height elementor-section-boxed elementor-section-height-default elementor-section-items-middle\" data-id=\"69484d0\" data-element_type=\"section\" data-e-type=\"section\">\n\t\t\t\t\t\t\t<div class=\"elementor-background-overlay\"><\/div>\n\t\t\t\t\t\t\t<div class=\"elementor-container elementor-column-gap-default\">\n\t\t\t\t\t<div class=\"elementor-column elementor-col-100 elementor-top-column elementor-element elementor-element-e582f7f\" data-id=\"e582f7f\" data-element_type=\"column\" data-e-type=\"column\">\n\t\t\t<div class=\"elementor-widget-wrap elementor-element-populated\">\n\t\t\t\t\t\t<div class=\"elementor-element elementor-element-59345ba elementor-widget elementor-widget-heading\" data-id=\"59345ba\" data-element_type=\"widget\" data-e-type=\"widget\" data-widget_type=\"heading.default\">\n\t\t\t\t<div class=\"elementor-widget-container\">\n\t\t\t\t\t<h2 class=\"elementor-heading-title elementor-size-default\">Periodismo Entend\u00e1monos<\/h2>\t\t\t\t<\/div>\n\t\t\t\t<\/div>\n\t\t\t\t\t<\/div>\n\t\t<\/div>\n\t\t\t\t\t<\/div>\n\t\t<\/section>\n\t\t\t\t<section class=\"elementor-section elementor-top-section elementor-element elementor-element-ffa8053 elementor-section-boxed elementor-section-height-default elementor-section-height-default\" data-id=\"ffa8053\" data-element_type=\"section\" data-e-type=\"section\" data-settings=\"{&quot;background_background&quot;:&quot;gradient&quot;}\">\n\t\t\t\t\t\t<div class=\"elementor-container elementor-column-gap-default\">\n\t\t\t\t\t<div class=\"elementor-column elementor-col-100 elementor-top-column elementor-element elementor-element-1b1055b\" data-id=\"1b1055b\" data-element_type=\"column\" data-e-type=\"column\">\n\t\t\t<div class=\"elementor-widget-wrap elementor-element-populated\">\n\t\t\t\t\t\t<div class=\"elementor-element elementor-element-b74082a elementor-widget elementor-widget-text-editor\" data-id=\"b74082a\" data-element_type=\"widget\" data-e-type=\"widget\" data-widget_type=\"text-editor.default\">\n\t\t\t\t<div class=\"elementor-widget-container\">\n\t\t\t\t\t\t\t\t\t<p>Dos veces a la semana, unos 20 &#8220;periodistas&#8221; aprenden a escribir art\u00edculos, a hacer fotos, v\u00eddeos y salen a entrevistar. Dos veces al a\u00f1o producen la revista &#8220;Entend\u00e1monos&#8221;. Cuatro veces al a\u00f1o realizan el noticiero juvenil &#8220;NotiEntendamonos&#8221; y se puede ver en YouTube y Facebook.<\/p><p>\u00bfSientes curiosidad por la revista? <span style=\"color: #0563c1;\"><u><a href=\"https:\/\/issuu.com\/revistaentendamonos\" target=\"_blank\" rel=\"noopener\">\u00a1Lee Entend\u00e1monos online!<\/a><\/u><\/span><\/p>\t\t\t\t\t\t\t\t<\/div>\n\t\t\t\t<\/div>\n\t\t\t\t\t<\/div>\n\t\t<\/div>\n\t\t\t\t\t<\/div>\n\t\t<\/section>\n\t\t\t\t<\/div>\n\t\t","protected":false},"excerpt":{"rendered":"<p>Periodismo Entend\u00e1monos Dos veces a la semana, unos 20 &#8220;periodistas&#8221; aprenden a escribir art\u00edculos, a hacer fotos, v\u00eddeos y salen a entrevistar. Dos veces al a\u00f1o producen la revista &#8220;Entend\u00e1monos&#8221;. Cuatro veces al a\u00f1o realizan el noticiero juvenil &#8220;NotiEntendamonos&#8221; y se puede ver en YouTube y Facebook. \u00bfSientes curiosidad por la revista? \u00a1Lee Entend\u00e1monos online!<\/p>\n","protected":false},"author":3,"featured_media":0,"parent":1592,"menu_order":7,"comment_status":"closed","ping_status":"closed","template":"","meta":{"inline_featured_image":false,"footnotes":"","_links_to":"","_links_to_target":""},"class_list":["post-1604","page","type-page","status-publish","hentry"],"_links":{"self":[{"href":"https:\/\/childrenofmedellin.com\/staging\/wp-json\/wp\/v2\/pages\/1604","targetHints":{"allow":["GET"]}}],"collection":[{"href":"https:\/\/childrenofmedellin.com\/staging\/wp-json\/wp\/v2\/pages"}],"about":[{"href":"https:\/\/childrenofmedellin.com\/staging\/wp-json\/wp\/v2\/types\/page"}],"author":[{"embeddable":true,"href":"https:\/\/childrenofmedellin.com\/staging\/wp-json\/wp\/v2\/users\/3"}],"replies":[{"embeddable":true,"href":"https:\/\/childrenofmedellin.com\/staging\/wp-json\/wp\/v2\/comments?post=1604"}],"version-history":[{"count":18,"href":"https:\/\/childrenofmedellin.com\/staging\/wp-json\/wp\/v2\/pages\/1604\/revisions"}],"predecessor-version":[{"id":4442,"href":"https:\/\/childrenofmedellin.com\/staging\/wp-json\/wp\/v2\/pages\/1604\/revisions\/4442"}],"up":[{"embeddable":true,"href":"https:\/\/childrenofmedellin.com\/staging\/wp-json\/wp\/v2\/pages\/1592"}],"wp:attachment":[{"href":"https:\/\/childrenofmedellin.com\/staging\/wp-json\/wp\/v2\/media?parent=1604"}],"curies":[{"name":"wp","href":"https:\/\/api.w.org\/{rel}","templated":true}]}}